{"id":69,"date":"2020-03-03T07:21:51","date_gmt":"2020-03-03T06:21:51","guid":{"rendered":"https:\/\/bellagiosalonperu.com\/?page_id=69"},"modified":"2025-12-31T20:18:49","modified_gmt":"2025-12-31T19:18:49","slug":"about","status":"publish","type":"page","link":"https:\/\/bellagiosalonperu.com\/?page_id=69","title":{"rendered":"About"},"content":{"rendered":"\t\t<div data-elementor-type=\"wp-page\" data-elementor-id=\"69\" class=\"elementor elementor-69\">\n\t\t\t\t<div class=\"aux-parallax-section elementor-element elementor-element-324967c e-flex e-con-boxed e-con e-parent\" data-id=\"324967c\" data-element_type=\"container\">\n\t\t\t\t\t<div class=\"e-con-inner\">\n\t\t<div class=\"elementor-element elementor-element-70376df e-con-full e-flex e-con e-child\" data-id=\"70376df\" data-element_type=\"container\">\n\t\t\t\t<div class=\"elementor-element elementor-element-b52b5be aux-appear-watch-animation aux-fade-in-up elementor-widget elementor-widget-aux_modern_heading\" data-id=\"b52b5be\" data-element_type=\"widget\" data-widget_type=\"aux_modern_heading.default\">\n\t\t\t\t<div class=\"elementor-widget-container\">\n\t\t\t\t\t<section class=\"aux-widget-modern-heading\">\n            <div class=\"aux-widget-inner\"><h2 class=\"aux-modern-heading-primary\">Nosotros<\/h2><div class=\"aux-modern-heading-description\"><p data-start=\"266\" data-end=\"544\"><strong data-start=\"266\" data-end=\"284\">Bellagio Sal\u00f3n<\/strong> nace del deseo de crear un espacio donde la belleza, el bienestar y la atenci\u00f3n personalizada se encuentren en perfecta armon\u00eda. Somos un sal\u00f3n nuevo, creado con ilusi\u00f3n, profesionalismo y un firme compromiso por ofrecer lo mejor a cada cliente que nos elige.<\/p><p data-start=\"546\" data-end=\"866\">Ubicados en el coraz\u00f3n de <strong data-start=\"572\" data-end=\"586\">San Isidro<\/strong>, uno de los distritos m\u00e1s exclusivos de Lima, hemos dise\u00f1ado un ambiente moderno, elegante y acogedor, pensado para que cada visita sea una experiencia \u00fanica. En Bellagio Sal\u00f3n creemos que la belleza va m\u00e1s all\u00e1 de lo est\u00e9tico: es confianza, cuidado y dedicaci\u00f3n en cada detalle.<\/p><p data-start=\"868\" data-end=\"1094\">\u00a0<\/p><\/div><\/div>\n        <\/section>\t\t\t\t<\/div>\n\t\t\t\t<\/div>\n\t\t\t\t<div class=\"elementor-element elementor-element-79c1c7b aux-appear-watch-animation aux-fade-in-up elementor-widget elementor-widget-aux_modern_heading\" data-id=\"79c1c7b\" data-element_type=\"widget\" data-widget_type=\"aux_modern_heading.default\">\n\t\t\t\t<div class=\"elementor-widget-container\">\n\t\t\t\t\t<section class=\"aux-widget-modern-heading\">\n            <div class=\"aux-widget-inner\"><h2 class=\"aux-modern-heading-primary\">Queremos compartirte un poco de nosotros con los valores que nos definen como personas y como empresa.<\/h2><h3 class=\"aux-modern-heading-secondary\"><span class=\"aux-head-highlight\">Valores<\/span><\/h3><div class=\"aux-modern-heading-description\"><ul><li data-start=\"1536\" data-end=\"1611\"><p data-start=\"1538\" data-end=\"1611\"><strong data-start=\"1538\" data-end=\"1550\">Calidad:<\/strong> Trabajamos con altos est\u00e1ndares y productos seleccionados.<\/p><\/li><li data-start=\"1612\" data-end=\"1690\"><p data-start=\"1614\" data-end=\"1690\"><strong data-start=\"1614\" data-end=\"1629\">Compromiso:<\/strong> Nos dedicamos a cada cliente con pasi\u00f3n y responsabilidad.<\/p><\/li><li data-start=\"1691\" data-end=\"1779\"><p data-start=\"1693\" data-end=\"1779\"><strong data-start=\"1693\" data-end=\"1713\">Profesionalismo:<\/strong> Contamos con un equipo capacitado y en constante actualizaci\u00f3n.<\/p><\/li><li data-start=\"1780\" data-end=\"1860\"><p data-start=\"1782\" data-end=\"1860\"><strong data-start=\"1782\" data-end=\"1796\">Confianza:<\/strong> Construimos relaciones basadas en la honestidad y el respeto.<\/p><\/li><li data-start=\"1861\" data-end=\"1945\"><p data-start=\"1863\" data-end=\"1945\"><strong data-start=\"1863\" data-end=\"1890\">Atenci\u00f3n personalizada:<\/strong> Cada cliente recibe un servicio \u00fanico y a su medida.<\/p><\/li><li data-start=\"1946\" data-end=\"2029\"><p data-start=\"1948\" data-end=\"2029\"><strong data-start=\"1948\" data-end=\"1962\">Elegancia:<\/strong> Cuidamos cada detalle, desde el ambiente hasta el resultado final.<\/p><\/li><\/ul><\/div><\/div>\n        <\/section>\t\t\t\t<\/div>\n\t\t\t\t<\/div>\n\t\t\t\t<div class=\"elementor-element elementor-element-b4398af elementor-hidden-tablet aux-appear-watch-animation aux-fade-in-left-1 elementor-widget elementor-widget-aux_simple_svg\" data-id=\"b4398af\" data-element_type=\"widget\" data-widget_type=\"aux_simple_svg.default\">\n\t\t\t\t<div class=\"elementor-widget-container\">\n\t\t\t\t\t    <div class=\"aux-widget-container aux-simple-svg-container\">\n        <div class=\"aux-widget-container-inner\">\n            <div class=\"aux-the-svg\"> <svg width=\"596\" height=\"786\">\n  <rect x=\"0\" y=\"0\" rx=\"0\" ry=\"0\" width=\"596\" height=\"786\" style=\"fill:#f6f6f6;opacity:1\" \/>\n<\/svg> <\/div>\n        <\/div>\n    <\/div>\n    \t\t\t\t<\/div>\n\t\t\t\t<\/div>\n\t\t\t\t<\/div>\n\t\t<div class=\"elementor-element elementor-element-dfb99db e-con-full e-flex e-con e-child\" data-id=\"dfb99db\" data-element_type=\"container\">\n\t\t\t\t<div class=\"elementor-element elementor-element-f392c33 aux-appear-watch-animation aux-mask-from-left elementor-widget elementor-widget-aux_image\" data-id=\"f392c33\" data-element_type=\"widget\" data-widget_type=\"aux_image.default\">\n\t\t\t\t<div class=\"elementor-widget-container\">\n\t\t\t\t\t<section class=\"widget-container aux-widget-image aux-alignnone aux-parent-au3cc1cf94\">\n    <div class=\"aux-media-hint-frame \">\n        <div class=\"aux-media-image \" >\n        \n            \n\n            \n            <img fetchpriority=\"high\" decoding=\"async\" width=\"802\" height=\"921\" src=\"https:\/\/bellagiosalonperu.com\/wp-content\/uploads\/2025\/12\/Beauty-Salon-Jim-Fahad-Digital-About-1-40x46.png\" class=\"aux-attachment aux-featured-image aux-attachment-id-111 aux-preload aux-has-preview\" alt=\"Beauty-Salon-Jim-Fahad-Digital-About-1\" data-ratio=\"0.87\" data-original-w=\"802\" data-src=\"https:\/\/bellagiosalonperu.com\/wp-content\/uploads\/2025\/12\/Beauty-Salon-Jim-Fahad-Digital-About-1.png\" \/>            \n                <\/div>\n    <\/div>\n\n<\/section><!-- widget-container -->\t\t\t\t<\/div>\n\t\t\t\t<\/div>\n\t\t\t\t<\/div>\n\t\t\t\t\t<\/div>\n\t\t\t\t<\/div>\n\t\t<div class=\"aux-parallax-section elementor-element elementor-element-83588f5 e-flex e-con-boxed e-con e-parent\" data-id=\"83588f5\" data-element_type=\"container\">\n\t\t\t\t\t<div class=\"e-con-inner\">\n\t\t<div class=\"elementor-element elementor-element-cb74c97 e-con-full e-flex e-con e-child\" data-id=\"cb74c97\" data-element_type=\"container\">\n\t\t\t\t<div class=\"elementor-element elementor-element-228c82d aux-appear-watch-animation aux-fade-in-right-2 elementor-widget elementor-widget-aux_modern_heading\" data-id=\"228c82d\" data-element_type=\"widget\" data-widget_type=\"aux_modern_heading.default\">\n\t\t\t\t<div class=\"elementor-widget-container\">\n\t\t\t\t\t<section class=\"aux-widget-modern-heading\">\n            <div class=\"aux-widget-inner\"><h2 class=\"aux-modern-heading-primary\">Nuestro equipo<\/h2><\/div>\n        <\/section>\t\t\t\t<\/div>\n\t\t\t\t<\/div>\n\t\t<div class=\"elementor-element elementor-element-7dd8272 e-con-full e-flex e-con e-child\" data-id=\"7dd8272\" data-element_type=\"container\">\n\t\t<div class=\"elementor-element elementor-element-5ce9e40 e-con-full e-flex e-con e-child\" data-id=\"5ce9e40\" data-element_type=\"container\">\n\t\t\t\t<div class=\"elementor-element elementor-element-b4de712 aux-appear-watch-animation aux-scale-up elementor-widget-tablet__width-inherit elementor-widget elementor-widget-aux_staff\" data-id=\"b4de712\" data-element_type=\"widget\" data-widget_type=\"aux_staff.default\">\n\t\t\t\t<div class=\"elementor-widget-container\">\n\t\t\t\t\t<section class=\"aux-wrap-style-simple widget-container aux-widget-staff aux-parent-au53f7e0c8\">    <div class=\"aux-staff-container aux-staff-pos-top aux-staff-text-left aux-staff-text-dark \" >\n            <div class=\"aux-staff-header aux-staff-img-rect\">\n            <div class=\"aux-media-image\"><img decoding=\"async\" width=\"1707\" height=\"2560\" src=\"https:\/\/bellagiosalonperu.com\/wp-content\/uploads\/2025\/12\/IMG_E4643-scaled-40x60.png\" class=\" aux-preload aux-has-preview\" alt=\"Luis Gasco PNG\" data-ratio=\"0.67\" data-original-w=\"1707\" data-src=\"https:\/\/bellagiosalonperu.com\/wp-content\/uploads\/2025\/12\/IMG_E4643-scaled.png\" \/><\/div>        <\/div>\n            <div class=\"aux-staff-content\">\n                        <h4 class=\"col-title\">Luis Gasco<\/h4>\n                        <h5 class=\"col-subtitle\">Administrador de Sal\u00f3n<\/h5>\n                    <\/div>\n\n    <\/div>\n\n\n<\/section><!-- widget-container -->\t\t\t\t<\/div>\n\t\t\t\t<\/div>\n\t\t\t\t<div class=\"elementor-element elementor-element-59d5656 elementor-widget__width-auto aux-appear-watch-animation aux-mask-from-top elementor-widget elementor-widget-aux_simple_svg\" data-id=\"59d5656\" data-element_type=\"widget\" data-widget_type=\"aux_simple_svg.default\">\n\t\t\t\t<div class=\"elementor-widget-container\">\n\t\t\t\t\t    <div class=\"aux-widget-container aux-simple-svg-container\">\n        <div class=\"aux-widget-container-inner\">\n            <div class=\"aux-the-svg\"> <svg width=\"295\" height=\"543\">\n  <rect x=\"0\" y=\"0\" rx=\"0\" ry=\"0\" width=\"295\" height=\"543\" style=\"fill:#fbe2dc;opacity:1\" \/>\n<\/svg> <\/div>\n        <\/div>\n    <\/div>\n    \t\t\t\t<\/div>\n\t\t\t\t<\/div>\n\t\t\t\t<\/div>\n\t\t<div class=\"elementor-element elementor-element-d45fde7 e-con-full e-flex e-con e-child\" data-id=\"d45fde7\" data-element_type=\"container\">\n\t\t\t\t<div class=\"elementor-element elementor-element-d2e446b aux-appear-watch-animation aux-scale-up elementor-widget elementor-widget-aux_staff\" data-id=\"d2e446b\" data-element_type=\"widget\" data-widget_type=\"aux_staff.default\">\n\t\t\t\t<div class=\"elementor-widget-container\">\n\t\t\t\t\t<section class=\"aux-wrap-style-simple widget-container aux-widget-staff aux-parent-au8bddd8a2\">    <div class=\"aux-staff-container aux-staff-pos-top aux-staff-text-left aux-staff-text-dark \" >\n            <div class=\"aux-staff-header aux-staff-img-rect\">\n            <div class=\"aux-media-image\"><img decoding=\"async\" width=\"386\" height=\"543\" src=\"https:\/\/bellagiosalonperu.com\/wp-content\/uploads\/2024\/10\/beautiful-dark-girl-with-natural-makeup-A4ZPE6X-40x56.png\" class=\" aux-preload aux-has-preview\" alt=\"demo-attachment-2695-beautiful-dark-girl-with-natural-makeup-A4ZPE6X\" data-ratio=\"0.71\" data-original-w=\"386\" data-src=\"https:\/\/bellagiosalonperu.com\/wp-content\/uploads\/2024\/10\/beautiful-dark-girl-with-natural-makeup-A4ZPE6X.png\" \/><\/div>        <\/div>\n            <div class=\"aux-staff-content\">\n                        <h4 class=\"col-title\">Banita Meyer<\/h4>\n                        <h5 class=\"col-subtitle\">hairdresser<\/h5>\n                    <\/div>\n\n    <\/div>\n\n\n<\/section><!-- widget-container -->\t\t\t\t<\/div>\n\t\t\t\t<\/div>\n\t\t\t\t<div class=\"elementor-element elementor-element-e4983dc elementor-widget__width-auto aux-appear-watch-animation aux-mask-from-top elementor-widget elementor-widget-aux_simple_svg\" data-id=\"e4983dc\" data-element_type=\"widget\" data-widget_type=\"aux_simple_svg.default\">\n\t\t\t\t<div class=\"elementor-widget-container\">\n\t\t\t\t\t    <div class=\"aux-widget-container aux-simple-svg-container\">\n        <div class=\"aux-widget-container-inner\">\n            <div class=\"aux-the-svg\"> <svg width=\"295\" height=\"393\">\n  <rect x=\"0\" y=\"0\" rx=\"0\" ry=\"0\" width=\"295\" height=\"393\" style=\"fill:#dcecfb;opacity:1\" \/>\n<\/svg> <\/div>\n        <\/div>\n    <\/div>\n    \t\t\t\t<\/div>\n\t\t\t\t<\/div>\n\t\t\t\t<\/div>\n\t\t<div class=\"elementor-element elementor-element-fa30a59 e-con-full e-flex e-con e-child\" data-id=\"fa30a59\" data-element_type=\"container\">\n\t\t\t\t<div class=\"elementor-element elementor-element-dd2a2d8 aux-appear-watch-animation aux-scale-up elementor-widget elementor-widget-aux_staff\" data-id=\"dd2a2d8\" data-element_type=\"widget\" data-widget_type=\"aux_staff.default\">\n\t\t\t\t<div class=\"elementor-widget-container\">\n\t\t\t\t\t<section class=\"aux-wrap-style-simple widget-container aux-widget-staff aux-parent-au406fbf64\">    <div class=\"aux-staff-container aux-staff-pos-top aux-staff-text-left aux-staff-text-dark \" >\n            <div class=\"aux-staff-header aux-staff-img-rect\">\n            <div class=\"aux-media-image\"><img loading=\"lazy\" decoding=\"async\" width=\"386\" height=\"543\" src=\"https:\/\/bellagiosalonperu.com\/wp-content\/uploads\/2024\/10\/woman-with-curly-and-shiny-hair-P9EMMUU-40x56.png\" class=\" aux-preload aux-has-preview\" alt=\"demo-attachment-2699-woman-with-curly-and-shiny-hair-P9EMMUU\" data-ratio=\"0.71\" data-original-w=\"386\" data-src=\"https:\/\/bellagiosalonperu.com\/wp-content\/uploads\/2024\/10\/woman-with-curly-and-shiny-hair-P9EMMUU.png\" \/><\/div>        <\/div>\n            <div class=\"aux-staff-content\">\n                        <h4 class=\"col-title\">Sahur Gibson<\/h4>\n                        <h5 class=\"col-subtitle\">Grimm<\/h5>\n                    <\/div>\n\n    <\/div>\n\n\n<\/section><!-- widget-container -->\t\t\t\t<\/div>\n\t\t\t\t<\/div>\n\t\t\t\t<div class=\"elementor-element elementor-element-34d7082 elementor-widget__width-auto aux-appear-watch-animation aux-mask-from-top elementor-widget elementor-widget-aux_simple_svg\" data-id=\"34d7082\" data-element_type=\"widget\" data-widget_type=\"aux_simple_svg.default\">\n\t\t\t\t<div class=\"elementor-widget-container\">\n\t\t\t\t\t    <div class=\"aux-widget-container aux-simple-svg-container\">\n        <div class=\"aux-widget-container-inner\">\n            <div class=\"aux-the-svg\"> <svg width=\"295\" height=\"273\">\n  <rect x=\"0\" y=\"0\" rx=\"0\" ry=\"0\" width=\"295\" height=\"273\" style=\"fill:#e6dcfb;opacity:1\" \/>\n<\/svg> <\/div>\n        <\/div>\n    <\/div>\n    \t\t\t\t<\/div>\n\t\t\t\t<\/div>\n\t\t\t\t<\/div>\n\t\t\t\t<\/div>\n\t\t\t\t<\/div>\n\t\t\t\t\t<\/div>\n\t\t\t\t<\/div>\n\t\t<div class=\"aux-parallax-section elementor-element elementor-element-3bec0da e-flex e-con-boxed e-con e-parent\" data-id=\"3bec0da\" data-element_type=\"container\">\n\t\t\t\t\t<div class=\"e-con-inner\">\n\t\t<div class=\"elementor-element elementor-element-7ffac8e aux-appear-watch-animation aux-mask-from-right e-con-full e-flex e-con e-child\" data-id=\"7ffac8e\" data-element_type=\"container\" data-settings=\"{&quot;background_background&quot;:&quot;classic&quot;}\">\n\t\t\t\t<div class=\"elementor-element elementor-element-442efc0 elementor-widget__width-auto aux-appear-watch-animation aux-fade-in-up-2 elementor-widget elementor-widget-aux_modern_button\" data-id=\"442efc0\" data-element_type=\"widget\" data-widget_type=\"aux_modern_button.default\">\n\t\t\t\t<div class=\"elementor-widget-container\">\n\t\t\t\t\t    <div class=\"aux-modern-button-wrapper aux-modern-button-align-left\" >\n        <span class=\"aux-lightbox-video \">            <a class=\"aux-modern-button aux-black aux-modern-button-md aux-modern-button-normal aux-modern-button-default aux-icon-left aux-open-video\" href=\"https:\/\/wa.me\/message\/2K7MJR2K3D4RJ1\" data-type=\"video\">\n                <div class=\"aux-overlay\"><\/div>\n                                    <div class=\"aux-icon \">\n                        <i aria-hidden=\"true\" class=\"auxicon auxicon-person\"><\/i>                    <\/div>\n                                <div class=\"aux-text\">\n<span class=\"aux-text-before\">Trabaja con nosotros<\/span>                <\/div>\n            <\/a>\n            <\/span>\n    <\/div>\n\n    \t\t\t\t<\/div>\n\t\t\t\t<\/div>\n\t\t\t\t<\/div>\n\t\t\t\t\t<\/div>\n\t\t\t\t<\/div>\n\t\t\t\t<\/div>\n\t\t","protected":false},"excerpt":{"rendered":"<p>Nosotros Bellagio Sal\u00f3n nace del deseo de crear un espacio donde la belleza, el bienestar y la atenci\u00f3n personalizada se encuentren en perfecta armon\u00eda. Somos un sal\u00f3n nuevo, creado con ilusi\u00f3n, profesionalismo y un firme compromiso por ofrecer lo mejor a cada cliente que nos elige. Ubicados en el coraz\u00f3n de San Isidro, uno de [&hellip;]<\/p>\n","protected":false},"author":1,"featured_media":0,"parent":0,"menu_order":0,"comment_status":"closed","ping_status":"closed","template":"templates\/page-builder-content.php","meta":{"footnotes":""},"class_list":["post-69","page","type-page","status-publish","hentry"],"_links":{"self":[{"href":"https:\/\/bellagiosalonperu.com\/index.php?rest_route=\/wp\/v2\/pages\/69","targetHints":{"allow":["GET"]}}],"collection":[{"href":"https:\/\/bellagiosalonperu.com\/index.php?rest_route=\/wp\/v2\/pages"}],"about":[{"href":"https:\/\/bellagiosalonperu.com\/index.php?rest_route=\/wp\/v2\/types\/page"}],"author":[{"embeddable":true,"href":"https:\/\/bellagiosalonperu.com\/index.php?rest_route=\/wp\/v2\/users\/1"}],"replies":[{"embeddable":true,"href":"https:\/\/bellagiosalonperu.com\/index.php?rest_route=%2Fwp%2Fv2%2Fcomments&post=69"}],"version-history":[{"count":9,"href":"https:\/\/bellagiosalonperu.com\/index.php?rest_route=\/wp\/v2\/pages\/69\/revisions"}],"predecessor-version":[{"id":201,"href":"https:\/\/bellagiosalonperu.com\/index.php?rest_route=\/wp\/v2\/pages\/69\/revisions\/201"}],"wp:attachment":[{"href":"https:\/\/bellagiosalonperu.com\/index.php?rest_route=%2Fwp%2Fv2%2Fmedia&parent=69"}],"curies":[{"name":"wp","href":"https:\/\/api.w.org\/{rel}","templated":true}]}}